{"id":21735,"date":"2024-09-09T14:12:45","date_gmt":"2024-09-09T14:12:45","guid":{"rendered":"https:\/\/voilalearning.com\/fr\/?page_id=21735"},"modified":"2025-11-28T10:10:06","modified_gmt":"2025-11-28T10:10:06","slug":"online-homework-help","status":"publish","type":"page","link":"https:\/\/voilalearning.com\/fr\/online-homework-help\/","title":{"rendered":"OHH"},"content":{"rendered":"\t\t<div data-elementor-type=\"wp-page\" data-elementor-id=\"21735\" class=\"elementor elementor-21735\">\n\t\t\t\t<div class=\"elementor-element elementor-element-95c650b hero-section e-flex e-con-boxed e-con e-parent\" data-id=\"95c650b\" data-element_type=\"container\" data-settings=\"{&quot;background_background&quot;:&quot;gradient&quot;,&quot;shape_divider_bottom&quot;:&quot;tilt&quot;}\">\n\t\t\t\t\t<div class=\"e-con-inner\">\n\t\t\t\t<div class=\"elementor-shape elementor-shape-bottom\" aria-hidden=\"true\" data-negative=\"false\">\n\t\t\t<svg xmlns=\"http:\/\/www.w3.org\/2000\/svg\" viewBox=\"0 0 1000 100\" preserveAspectRatio=\"none\">\n\t<path class=\"elementor-shape-fill\" d=\"M0,6V0h1000v100L0,6z\"\/>\n<\/svg>\t\t<\/div>\n\t\t\t\t\t<\/div>\n\t\t\t\t<\/div>\n\t\t<div class=\"elementor-element elementor-element-19c9d6f e-flex e-con-boxed e-con e-parent\" data-id=\"19c9d6f\" data-element_type=\"container\" data-settings=\"{&quot;background_background&quot;:&quot;classic&quot;,&quot;ekit_has_onepagescroll_dot&quot;:&quot;yes&quot;}\">\n\t\t\t\t\t<div class=\"e-con-inner\">\n\t\t<div class=\"elementor-element elementor-element-28d0bb42 e-con-full e-flex e-con e-child\" data-id=\"28d0bb42\" data-element_type=\"container\" data-settings=\"{&quot;ekit_has_onepagescroll_dot&quot;:&quot;yes&quot;}\">\n\t\t<div class=\"elementor-element elementor-element-3761c3c3 e-con-full e-flex e-con e-child\" data-id=\"3761c3c3\" data-element_type=\"container\" data-settings=\"{&quot;background_background&quot;:&quot;classic&quot;,&quot;ekit_has_onepagescroll_dot&quot;:&quot;yes&quot;}\">\n\t\t\t\t<div class=\"elementor-element elementor-element-406631be elementor-widget__width-initial animated-fast elementor-invisible elementor-widget elementor-widget-elementskit-heading\" data-id=\"406631be\" data-element_type=\"widget\" data-settings=\"{&quot;_animation&quot;:&quot;fadeIn&quot;,&quot;_animation_delay&quot;:100,&quot;ekit_we_effect_on&quot;:&quot;none&quot;}\" data-widget_type=\"elementskit-heading.default\">\n\t\t\t\t<div class=\"elementor-widget-container\">\n\t\t\t\t\t<div class=\"ekit-wid-con\" ><div class=\"ekit-heading elementskit-section-title-wraper text_left   ekit_heading_tablet-   ekit_heading_mobile-\"><span class=\"elementskit-section-subtitle   ekit-heading__subtitle-has-border\">\n\t\t\t\t\t\tCommissions scolaires\n\t\t\t\t\t<\/span><h1 class=\"ekit-heading--title elementskit-section-title text_fill\">Votre commission scolaire est-elle \u00e9ligible ?<\/h1>\t\t\t\t<div class='ekit-heading__description'>\n\t\t\t\t\t<p>Compl\u00e9tez le formulaire ci-dessous pour v\u00e9rifier instantan\u00e9ment si votre \u00e9cole est \u00e9ligible au programme d\u2019aide aux devoirs en ligne.<\/p>\n\t\t\t\t<\/div>\n\t\t\t<\/div><\/div>\t\t\t\t<\/div>\n\t\t\t\t<\/div>\n\t\t\t\t<div class=\"elementor-element elementor-element-b599e80 elementor-widget elementor-widget-wpforms\" data-id=\"b599e80\" data-element_type=\"widget\" data-settings=\"{&quot;ekit_we_effect_on&quot;:&quot;none&quot;}\" data-widget_type=\"wpforms.default\">\n\t\t\t\t<div class=\"elementor-widget-container\">\n\t\t\t\t\t<div class=\"wpforms-container wpforms-container-full\" id=\"wpforms-21746\"><form id=\"wpforms-form-21746\" class=\"wpforms-validate wpforms-form\" data-formid=\"21746\" method=\"post\" enctype=\"multipart\/form-data\" action=\"\/fr\/wp-json\/wp\/v2\/pages\/21735\" data-token=\"5463dbe196814164a221d0fc93da7490\"><noscript class=\"wpforms-error-noscript\">Please enable JavaScript in your browser to complete this form.<\/noscript><div class=\"wpforms-field-container\"><div id=\"wpforms-21746-field_0-container\" class=\"wpforms-field wpforms-field-name\" data-field-id=\"0\"><label class=\"wpforms-field-label\" for=\"wpforms-21746-field_0\">Nom <span class=\"wpforms-required-label\">*<\/span><\/label><div class=\"wpforms-field-row wpforms-field-medium\"><div class=\"wpforms-field-row-block wpforms-first wpforms-one-half\"><input type=\"text\" id=\"wpforms-21746-field_0\" class=\"wpforms-field-name-first wpforms-field-required\" name=\"wpforms[fields][0][first]\" required><label for=\"wpforms-21746-field_0\" class=\"wpforms-field-sublabel after \">First<\/label><\/div><div class=\"wpforms-field-row-block wpforms-one-half\"><input type=\"text\" id=\"wpforms-21746-field_0-last\" class=\"wpforms-field-name-last wpforms-field-required\" name=\"wpforms[fields][0][last]\" required><label for=\"wpforms-21746-field_0-last\" class=\"wpforms-field-sublabel after \">Last<\/label><\/div><\/div><\/div><div id=\"wpforms-21746-field_1-container\" class=\"wpforms-field wpforms-field-text\" data-field-id=\"1\"><label class=\"wpforms-field-label\" for=\"wpforms-21746-field_1\">Nom de la commission scolaire <span class=\"wpforms-required-label\">*<\/span><\/label><input type=\"text\" id=\"wpforms-21746-field_1\" class=\"wpforms-field-medium wpforms-field-required\" name=\"wpforms[fields][1]\" required><\/div><div id=\"wpforms-21746-field_2-container\" class=\"wpforms-field wpforms-field-email\" data-field-id=\"2\"><label class=\"wpforms-field-label\" for=\"wpforms-21746-field_2\">E-mail <span class=\"wpforms-required-label\">*<\/span><\/label><input type=\"email\" id=\"wpforms-21746-field_2\" class=\"wpforms-field-medium wpforms-field-required\" name=\"wpforms[fields][2]\" required><\/div><div id=\"wpforms-21746-field_3-container\" class=\"wpforms-field wpforms-field-phone\" data-field-id=\"3\"><label class=\"wpforms-field-label\" for=\"wpforms-21746-field_3\">T\u00e9l\u00e9phone <span class=\"wpforms-required-label\">*<\/span><\/label><input type=\"tel\" id=\"wpforms-21746-field_3\" class=\"wpforms-field-medium wpforms-field-required wpforms-masked-input\" data-inputmask=\"&#039;mask&#039;: &#039;(999) 999-9999&#039;\" data-rule-us-phone-field=\"true\" name=\"wpforms[fields][3]\" required><\/div><div id=\"wpforms-21746-field_8-container\" class=\"wpforms-field wpforms-field-number\" data-field-id=\"8\"><label class=\"wpforms-field-label\" for=\"wpforms-21746-field_8\">Nombre d&#039;\u00e9l\u00e8ves  <span class=\"wpforms-required-label\">*<\/span><\/label><input type=\"number\" pattern=\"\\d*\" id=\"wpforms-21746-field_8\" class=\"wpforms-field-medium wpforms-field-required\" name=\"wpforms[fields][8]\" required><\/div><div id=\"wpforms-21746-field_7-container\" class=\"wpforms-field wpforms-field-number\" data-field-id=\"7\"><label class=\"wpforms-field-label\" for=\"wpforms-21746-field_7\">Nombre d&#039;\u00e9l\u00e8ves dans un programme de fran\u00e7ais <span class=\"wpforms-required-label\">*<\/span><\/label><input type=\"number\" pattern=\"\\d*\" id=\"wpforms-21746-field_7\" class=\"wpforms-field-medium wpforms-field-required\" name=\"wpforms[fields][7]\" required><\/div><div id=\"wpforms-21746-field_9-container\" class=\"wpforms-field wpforms-field-number\" data-field-id=\"9\"><label class=\"wpforms-field-label\" for=\"wpforms-21746-field_9\">Nombre d&#039;\u00e9l\u00e8ves ayant acc\u00e8s \u00e0 un ordinateur\/Chromebook\/smartphone \u00e0 domicile <span class=\"wpforms-required-label\">*<\/span><\/label><input type=\"number\" pattern=\"\\d*\" id=\"wpforms-21746-field_9\" class=\"wpforms-field-medium wpforms-field-required\" name=\"wpforms[fields][9]\" required><\/div><\/div><div class=\"wpforms-recaptcha-container wpforms-is-hcaptcha\" ><div class=\"g-recaptcha\" data-sitekey=\"b776e0ea-42a0-43e8-8ce2-38922e421962\"><\/div><input type=\"text\" name=\"g-recaptcha-hidden\" class=\"wpforms-recaptcha-hidden\" style=\"position:absolute!important;clip:rect(0,0,0,0)!important;height:1px!important;width:1px!important;border:0!important;overflow:hidden!important;padding:0!important;margin:0!important;\" required><\/div><div class=\"wpforms-submit-container\" ><input type=\"hidden\" name=\"wpforms[id]\" value=\"21746\"><input type=\"hidden\" name=\"wpforms[author]\" value=\"1\"><button type=\"submit\" name=\"wpforms[submit]\" class=\"wpforms-submit \" id=\"wpforms-submit-21746\" value=\"wpforms-submit\" aria-live=\"assertive\" data-alt-text=\"Sending...\" data-submit-text=\"Submit\">Submit<\/button><\/div><\/form><\/div>  <!-- .wpforms-container -->\t\t\t\t<\/div>\n\t\t\t\t<\/div>\n\t\t\t\t<\/div>\n\t\t<div class=\"elementor-element elementor-element-7010382e e-con-full animated-fast e-flex elementor-invisible e-con e-child\" data-id=\"7010382e\" data-element_type=\"container\" data-settings=\"{&quot;background_background&quot;:&quot;gradient&quot;,&quot;animation&quot;:&quot;fadeInUp&quot;,&quot;animation_delay&quot;:200,&quot;ekit_has_onepagescroll_dot&quot;:&quot;yes&quot;}\">\n\t\t\t\t<div class=\"elementor-element elementor-element-2583ef0b animated-fast elementor-invisible elementor-widget elementor-widget-image\" data-id=\"2583ef0b\" data-element_type=\"widget\" data-settings=\"{&quot;_animation&quot;:&quot;fadeInUp&quot;,&quot;_animation_delay&quot;:300,&quot;ekit_we_effect_on&quot;:&quot;none&quot;}\" data-widget_type=\"image.default\">\n\t\t\t\t<div class=\"elementor-widget-container\">\n\t\t\t\t\t\t\t\t\t\t\t\t\t\t\t<img decoding=\"async\" src=\"https:\/\/voilalearning.com\/fr\/wp-content\/uploads\/elementor\/thumbs\/OHH_student-qylk3y4m52q6u5b2k1y3s46ylhr8d0mvjcj5dp8s4w.jpg\" title=\"OHH_student\" alt=\"\u00c9tudiant utilisant la plateforme MetaLingo sur ordinateur portable pour un apprentissage en ligne interactif bas\u00e9 sur des avatars\" loading=\"lazy\" \/>\t\t\t\t\t\t\t\t\t\t\t\t\t\t\t<\/div>\n\t\t\t\t<\/div>\n\t\t\t\t<\/div>\n\t\t\t\t<\/div>\n\t\t\t\t\t<\/div>\n\t\t\t\t<\/div>\n\t\t\t\t<\/div>\n\t\t","protected":false},"excerpt":{"rendered":"<p>Commissions scolaires Votre commission scolaire est-elle \u00e9ligible ? Compl\u00e9tez le formulaire ci-dessous pour v\u00e9rifier instantan\u00e9ment si votre \u00e9cole est \u00e9ligible au programme d\u2019aide aux devoirs en ligne.<\/p>\n","protected":false},"author":1,"featured_media":0,"parent":0,"menu_order":0,"comment_status":"closed","ping_status":"closed","template":"","meta":{"footnotes":""},"class_list":["post-21735","page","type-page","status-publish","hentry"],"yoast_head":"<!-- This site is optimized with the Yoast SEO plugin v26.5 - https:\/\/yoast.com\/wordpress\/plugins\/seo\/ -->\n<title>Voila Learning. Online Homework Help pour commissions scolaires<\/title>\n<meta name=\"description\" content=\"V\u00e9rifiez si votre commission scolaire est admissible au programme d&#039;aide aux devoirs en ligne de Voila Learning. Acc\u00e8s rapide et facile \u00e0 l&#039;aide aux devoirs.\" \/>\n<meta name=\"robots\" content=\"index, follow, max-snippet:-1, max-image-preview:large, max-video-preview:-1\" \/>\n<link rel=\"canonical\" href=\"https:\/\/voilalearning.com\/fr\/online-homework-help\/\" \/>\n<meta property=\"og:locale\" content=\"en_US\" \/>\n<meta property=\"og:type\" content=\"article\" \/>\n<meta property=\"og:title\" content=\"Voila Learning. Online Homework Help pour commissions scolaires\" \/>\n<meta property=\"og:description\" content=\"V\u00e9rifiez si votre commission scolaire est admissible au programme d&#039;aide aux devoirs en ligne de Voila Learning. Acc\u00e8s rapide et facile \u00e0 l&#039;aide aux devoirs.\" \/>\n<meta property=\"og:url\" content=\"https:\/\/voilalearning.com\/fr\/online-homework-help\/\" \/>\n<meta property=\"og:site_name\" content=\"Voila Learning\" \/>\n<meta property=\"article:modified_time\" content=\"2025-11-28T10:10:06+00:00\" \/>\n<meta property=\"og:image\" content=\"https:\/\/voilalearning.com\/fr\/wp-content\/uploads\/elementor\/thumbs\/OHH_student-qylk3y4m52q6u5b2k1y3s46ylhr8d0mvjcj5dp8s4w.jpg\" \/>\n<meta name=\"twitter:card\" content=\"summary_large_image\" \/>\n<meta name=\"twitter:label1\" content=\"Est. reading time\" \/>\n\t<meta name=\"twitter:data1\" content=\"1 minute\" \/>\n<script type=\"application\/ld+json\" class=\"yoast-schema-graph\">{\"@context\":\"https:\/\/schema.org\",\"@graph\":[{\"@type\":\"WebPage\",\"@id\":\"https:\/\/voilalearning.com\/fr\/online-homework-help\/\",\"url\":\"https:\/\/voilalearning.com\/fr\/online-homework-help\/\",\"name\":\"Voila Learning. Online Homework Help pour commissions scolaires\",\"isPartOf\":{\"@id\":\"https:\/\/voilalearning.com\/fr\/#website\"},\"primaryImageOfPage\":{\"@id\":\"https:\/\/voilalearning.com\/fr\/online-homework-help\/#primaryimage\"},\"image\":{\"@id\":\"https:\/\/voilalearning.com\/fr\/online-homework-help\/#primaryimage\"},\"thumbnailUrl\":\"https:\/\/voilalearning.com\/fr\/wp-content\/uploads\/elementor\/thumbs\/OHH_student-qylk3y4m52q6u5b2k1y3s46ylhr8d0mvjcj5dp8s4w.jpg\",\"datePublished\":\"2024-09-09T14:12:45+00:00\",\"dateModified\":\"2025-11-28T10:10:06+00:00\",\"description\":\"V\u00e9rifiez si votre commission scolaire est admissible au programme d'aide aux devoirs en ligne de Voila Learning. Acc\u00e8s rapide et facile \u00e0 l'aide aux devoirs.\",\"breadcrumb\":{\"@id\":\"https:\/\/voilalearning.com\/fr\/online-homework-help\/#breadcrumb\"},\"inLanguage\":\"en-US\",\"potentialAction\":[{\"@type\":\"ReadAction\",\"target\":[\"https:\/\/voilalearning.com\/fr\/online-homework-help\/\"]}]},{\"@type\":\"ImageObject\",\"inLanguage\":\"en-US\",\"@id\":\"https:\/\/voilalearning.com\/fr\/online-homework-help\/#primaryimage\",\"url\":\"https:\/\/voilalearning.com\/fr\/wp-content\/uploads\/elementor\/thumbs\/OHH_student-qylk3y4m52q6u5b2k1y3s46ylhr8d0mvjcj5dp8s4w.jpg\",\"contentUrl\":\"https:\/\/voilalearning.com\/fr\/wp-content\/uploads\/elementor\/thumbs\/OHH_student-qylk3y4m52q6u5b2k1y3s46ylhr8d0mvjcj5dp8s4w.jpg\"},{\"@type\":\"BreadcrumbList\",\"@id\":\"https:\/\/voilalearning.com\/fr\/online-homework-help\/#breadcrumb\",\"itemListElement\":[{\"@type\":\"ListItem\",\"position\":1,\"name\":\"Home\",\"item\":\"https:\/\/voilalearning.com\/fr\/\"},{\"@type\":\"ListItem\",\"position\":2,\"name\":\"OHH\"}]},{\"@type\":\"WebSite\",\"@id\":\"https:\/\/voilalearning.com\/fr\/#website\",\"url\":\"https:\/\/voilalearning.com\/fr\/\",\"name\":\"Voila Learning\",\"description\":\"Future of Education\",\"publisher\":{\"@id\":\"https:\/\/voilalearning.com\/fr\/#organization\"},\"potentialAction\":[{\"@type\":\"SearchAction\",\"target\":{\"@type\":\"EntryPoint\",\"urlTemplate\":\"https:\/\/voilalearning.com\/fr\/?s={search_term_string}\"},\"query-input\":{\"@type\":\"PropertyValueSpecification\",\"valueRequired\":true,\"valueName\":\"search_term_string\"}}],\"inLanguage\":\"en-US\"},{\"@type\":\"Organization\",\"@id\":\"https:\/\/voilalearning.com\/fr\/#organization\",\"name\":\"Voila Learning\",\"url\":\"https:\/\/voilalearning.com\/fr\/\",\"logo\":{\"@type\":\"ImageObject\",\"inLanguage\":\"en-US\",\"@id\":\"https:\/\/voilalearning.com\/fr\/#\/schema\/logo\/image\/\",\"url\":\"https:\/\/voilalearning.com\/fr\/wp-content\/uploads\/2023\/09\/VOILA.png\",\"contentUrl\":\"https:\/\/voilalearning.com\/fr\/wp-content\/uploads\/2023\/09\/VOILA.png\",\"width\":900,\"height\":189,\"caption\":\"Voila Learning\"},\"image\":{\"@id\":\"https:\/\/voilalearning.com\/fr\/#\/schema\/logo\/image\/\"}}]}<\/script>\n<!-- \/ Yoast SEO plugin. -->","yoast_head_json":{"title":"Voila Learning. Online Homework Help pour commissions scolaires","description":"V\u00e9rifiez si votre commission scolaire est admissible au programme d'aide aux devoirs en ligne de Voila Learning. Acc\u00e8s rapide et facile \u00e0 l'aide aux devoirs.","robots":{"index":"index","follow":"follow","max-snippet":"max-snippet:-1","max-image-preview":"max-image-preview:large","max-video-preview":"max-video-preview:-1"},"canonical":"https:\/\/voilalearning.com\/fr\/online-homework-help\/","og_locale":"en_US","og_type":"article","og_title":"Voila Learning. Online Homework Help pour commissions scolaires","og_description":"V\u00e9rifiez si votre commission scolaire est admissible au programme d'aide aux devoirs en ligne de Voila Learning. Acc\u00e8s rapide et facile \u00e0 l'aide aux devoirs.","og_url":"https:\/\/voilalearning.com\/fr\/online-homework-help\/","og_site_name":"Voila Learning","article_modified_time":"2025-11-28T10:10:06+00:00","og_image":[{"url":"https:\/\/voilalearning.com\/fr\/wp-content\/uploads\/elementor\/thumbs\/OHH_student-qylk3y4m52q6u5b2k1y3s46ylhr8d0mvjcj5dp8s4w.jpg","type":"","width":"","height":""}],"twitter_card":"summary_large_image","twitter_misc":{"Est. reading time":"1 minute"},"schema":{"@context":"https:\/\/schema.org","@graph":[{"@type":"WebPage","@id":"https:\/\/voilalearning.com\/fr\/online-homework-help\/","url":"https:\/\/voilalearning.com\/fr\/online-homework-help\/","name":"Voila Learning. Online Homework Help pour commissions scolaires","isPartOf":{"@id":"https:\/\/voilalearning.com\/fr\/#website"},"primaryImageOfPage":{"@id":"https:\/\/voilalearning.com\/fr\/online-homework-help\/#primaryimage"},"image":{"@id":"https:\/\/voilalearning.com\/fr\/online-homework-help\/#primaryimage"},"thumbnailUrl":"https:\/\/voilalearning.com\/fr\/wp-content\/uploads\/elementor\/thumbs\/OHH_student-qylk3y4m52q6u5b2k1y3s46ylhr8d0mvjcj5dp8s4w.jpg","datePublished":"2024-09-09T14:12:45+00:00","dateModified":"2025-11-28T10:10:06+00:00","description":"V\u00e9rifiez si votre commission scolaire est admissible au programme d'aide aux devoirs en ligne de Voila Learning. Acc\u00e8s rapide et facile \u00e0 l'aide aux devoirs.","breadcrumb":{"@id":"https:\/\/voilalearning.com\/fr\/online-homework-help\/#breadcrumb"},"inLanguage":"en-US","potentialAction":[{"@type":"ReadAction","target":["https:\/\/voilalearning.com\/fr\/online-homework-help\/"]}]},{"@type":"ImageObject","inLanguage":"en-US","@id":"https:\/\/voilalearning.com\/fr\/online-homework-help\/#primaryimage","url":"https:\/\/voilalearning.com\/fr\/wp-content\/uploads\/elementor\/thumbs\/OHH_student-qylk3y4m52q6u5b2k1y3s46ylhr8d0mvjcj5dp8s4w.jpg","contentUrl":"https:\/\/voilalearning.com\/fr\/wp-content\/uploads\/elementor\/thumbs\/OHH_student-qylk3y4m52q6u5b2k1y3s46ylhr8d0mvjcj5dp8s4w.jpg"},{"@type":"BreadcrumbList","@id":"https:\/\/voilalearning.com\/fr\/online-homework-help\/#breadcrumb","itemListElement":[{"@type":"ListItem","position":1,"name":"Home","item":"https:\/\/voilalearning.com\/fr\/"},{"@type":"ListItem","position":2,"name":"OHH"}]},{"@type":"WebSite","@id":"https:\/\/voilalearning.com\/fr\/#website","url":"https:\/\/voilalearning.com\/fr\/","name":"Voila Learning","description":"Future of Education","publisher":{"@id":"https:\/\/voilalearning.com\/fr\/#organization"},"potentialAction":[{"@type":"SearchAction","target":{"@type":"EntryPoint","urlTemplate":"https:\/\/voilalearning.com\/fr\/?s={search_term_string}"},"query-input":{"@type":"PropertyValueSpecification","valueRequired":true,"valueName":"search_term_string"}}],"inLanguage":"en-US"},{"@type":"Organization","@id":"https:\/\/voilalearning.com\/fr\/#organization","name":"Voila Learning","url":"https:\/\/voilalearning.com\/fr\/","logo":{"@type":"ImageObject","inLanguage":"en-US","@id":"https:\/\/voilalearning.com\/fr\/#\/schema\/logo\/image\/","url":"https:\/\/voilalearning.com\/fr\/wp-content\/uploads\/2023\/09\/VOILA.png","contentUrl":"https:\/\/voilalearning.com\/fr\/wp-content\/uploads\/2023\/09\/VOILA.png","width":900,"height":189,"caption":"Voila Learning"},"image":{"@id":"https:\/\/voilalearning.com\/fr\/#\/schema\/logo\/image\/"}}]}},"_links":{"self":[{"href":"https:\/\/voilalearning.com\/fr\/wp-json\/wp\/v2\/pages\/21735","targetHints":{"allow":["GET"]}}],"collection":[{"href":"https:\/\/voilalearning.com\/fr\/wp-json\/wp\/v2\/pages"}],"about":[{"href":"https:\/\/voilalearning.com\/fr\/wp-json\/wp\/v2\/types\/page"}],"author":[{"embeddable":true,"href":"https:\/\/voilalearning.com\/fr\/wp-json\/wp\/v2\/users\/1"}],"replies":[{"embeddable":true,"href":"https:\/\/voilalearning.com\/fr\/wp-json\/wp\/v2\/comments?post=21735"}],"version-history":[{"count":28,"href":"https:\/\/voilalearning.com\/fr\/wp-json\/wp\/v2\/pages\/21735\/revisions"}],"predecessor-version":[{"id":22148,"href":"https:\/\/voilalearning.com\/fr\/wp-json\/wp\/v2\/pages\/21735\/revisions\/22148"}],"wp:attachment":[{"href":"https:\/\/voilalearning.com\/fr\/wp-json\/wp\/v2\/media?parent=21735"}],"curies":[{"name":"wp","href":"https:\/\/api.w.org\/{rel}","templated":true}]}}