{"id":21704,"date":"2024-09-09T13:15:23","date_gmt":"2024-09-09T13:15:23","guid":{"rendered":"https:\/\/voilalearning.com\/fr\/?page_id=21704"},"modified":"2025-12-01T12:04:09","modified_gmt":"2025-12-01T12:04:09","slug":"contact","status":"publish","type":"page","link":"https:\/\/voilalearning.com\/fr\/contact\/","title":{"rendered":"Contact"},"content":{"rendered":"\t\t<div data-elementor-type=\"wp-page\" data-elementor-id=\"21704\" class=\"elementor elementor-21704\">\n\t\t\t\t<div class=\"elementor-element elementor-element-4f942823 e-flex e-con-boxed e-con e-parent\" data-id=\"4f942823\" data-element_type=\"container\" id=\"contact\" data-settings=\"{&quot;background_background&quot;:&quot;gradient&quot;,&quot;shape_divider_bottom&quot;:&quot;tilt&quot;,&quot;ekit_has_onepagescroll_dot&quot;:&quot;yes&quot;}\">\n\t\t\t\t\t<div class=\"e-con-inner\">\n\t\t\t\t<div class=\"elementor-shape elementor-shape-bottom\" aria-hidden=\"true\" data-negative=\"false\">\n\t\t\t<svg xmlns=\"http:\/\/www.w3.org\/2000\/svg\" viewBox=\"0 0 1000 100\" preserveAspectRatio=\"none\">\n\t<path class=\"elementor-shape-fill\" d=\"M0,6V0h1000v100L0,6z\"\/>\n<\/svg>\t\t<\/div>\n\t\t\t\t<div class=\"elementor-element elementor-element-e46c805 elementor-widget__width-initial elementor-absolute e-transform elementor-widget elementor-widget-image\" data-id=\"e46c805\" data-element_type=\"widget\" data-settings=\"{&quot;_position&quot;:&quot;absolute&quot;,&quot;_transform_rotateZ_effect&quot;:{&quot;unit&quot;:&quot;px&quot;,&quot;size&quot;:8.5,&quot;sizes&quot;:[]},&quot;ekit_we_effect_on&quot;:&quot;none&quot;,&quot;_transform_rotateZ_effect_tablet&quot;:{&quot;unit&quot;:&quot;deg&quot;,&quot;size&quot;:&quot;&quot;,&quot;sizes&quot;:[]},&quot;_transform_rotateZ_effect_mobile&quot;:{&quot;unit&quot;:&quot;deg&quot;,&quot;size&quot;:&quot;&quot;,&quot;sizes&quot;:[]}}\" data-widget_type=\"image.default\">\n\t\t\t\t<div class=\"elementor-widget-container\">\n\t\t\t\t\t\t\t\t\t\t\t\t\t\t\t<img decoding=\"async\" src=\"http:\/\/sierra.keydesign.xyz\/chatbot\/wp-content\/uploads\/sites\/10\/2023\/10\/sierra-chatbot-shape2.svg\" title=\"\" alt=\"\" loading=\"lazy\" \/>\t\t\t\t\t\t\t\t\t\t\t\t\t\t\t<\/div>\n\t\t\t\t<\/div>\n\t\t<div class=\"elementor-element elementor-element-8c97202 e-con-full e-flex e-con e-child\" data-id=\"8c97202\" data-element_type=\"container\" data-settings=\"{&quot;background_background&quot;:&quot;gradient&quot;,&quot;ekit_has_onepagescroll_dot&quot;:&quot;yes&quot;}\">\n\t\t<div class=\"elementor-element elementor-element-02c2d0f e-con-full e-flex e-con e-child\" data-id=\"02c2d0f\" data-element_type=\"container\" data-settings=\"{&quot;ekit_has_onepagescroll_dot&quot;:&quot;yes&quot;}\">\n\t\t<div class=\"elementor-element elementor-element-ee24bac e-con-full animated-fast e-flex elementor-invisible e-con e-child\" data-id=\"ee24bac\" data-element_type=\"container\" data-settings=\"{&quot;background_background&quot;:&quot;classic&quot;,&quot;animation&quot;:&quot;fadeInUp&quot;,&quot;animation_delay&quot;:100,&quot;ekit_has_onepagescroll_dot&quot;:&quot;yes&quot;}\">\n\t\t<div class=\"elementor-element elementor-element-a5aae89 e-con-full e-flex e-con e-child\" data-id=\"a5aae89\" data-element_type=\"container\" data-settings=\"{&quot;background_background&quot;:&quot;classic&quot;,&quot;ekit_has_onepagescroll_dot&quot;:&quot;yes&quot;}\">\n\t\t\t\t<div class=\"elementor-element elementor-element-77c77c7 animated-fast elementor-widget__width-initial elementor-invisible elementor-widget elementor-widget-elementskit-heading\" data-id=\"77c77c7\" data-element_type=\"widget\" data-settings=\"{&quot;_animation&quot;:&quot;fadeIn&quot;,&quot;_animation_delay&quot;:100,&quot;ekit_we_effect_on&quot;:&quot;none&quot;}\" data-widget_type=\"elementskit-heading.default\">\n\t\t\t\t<div class=\"elementor-widget-container\">\n\t\t\t\t\t<div class=\"ekit-wid-con\" ><div class=\"ekit-heading elementskit-section-title-wraper text_left   ekit_heading_tablet-   ekit_heading_mobile-\"><span class=\"elementskit-section-subtitle   ekit-heading__subtitle-has-border\">\n\t\t\t\t\t\tContactez-nous\n\t\t\t\t\t<\/span><h1 class=\"ekit-heading--title elementskit-section-title \">Comment pouvons-nous <span>vous aider ?<\/span><\/h1>\t\t\t\t<div class='ekit-heading__description'>\n\t\t\t\t\t<p>Vous avez une question ou des commentaires ? Remplissez le formulaire ci-dessous et nous vous r\u00e9pondrons dans les plus brefs d\u00e9lais.<\/p>\n\t\t\t\t<\/div>\n\t\t\t<\/div><\/div>\t\t\t\t<\/div>\n\t\t\t\t<\/div>\n\t\t\t\t<div class=\"elementor-element elementor-element-5de0837 elementor-widget elementor-widget-wpforms\" data-id=\"5de0837\" data-element_type=\"widget\" data-settings=\"{&quot;ekit_we_effect_on&quot;:&quot;none&quot;}\" data-widget_type=\"wpforms.default\">\n\t\t\t\t<div class=\"elementor-widget-container\">\n\t\t\t\t\t<div class=\"wpforms-container wpforms-container-full\" id=\"wpforms-21808\"><form id=\"wpforms-form-21808\" class=\"wpforms-validate wpforms-form\" data-formid=\"21808\" method=\"post\" enctype=\"multipart\/form-data\" action=\"\/fr\/wp-json\/wp\/v2\/pages\/21704\" data-token=\"acb71dad980ebbb8d6010c4bbee8a6c4\"><noscript class=\"wpforms-error-noscript\">Please enable JavaScript in your browser to complete this form.<\/noscript><div class=\"wpforms-field-container\"><div id=\"wpforms-21808-field_0-container\" class=\"wpforms-field wpforms-field-name\" data-field-id=\"0\"><label class=\"wpforms-field-label\" for=\"wpforms-21808-field_0\">Nom <span class=\"wpforms-required-label\">*<\/span><\/label><div class=\"wpforms-field-row wpforms-field-medium\"><div class=\"wpforms-field-row-block wpforms-first wpforms-one-half\"><input type=\"text\" id=\"wpforms-21808-field_0\" class=\"wpforms-field-name-first wpforms-field-required\" name=\"wpforms[fields][0][first]\" required><label for=\"wpforms-21808-field_0\" class=\"wpforms-field-sublabel after \">First<\/label><\/div><div class=\"wpforms-field-row-block wpforms-one-half\"><input type=\"text\" id=\"wpforms-21808-field_0-last\" class=\"wpforms-field-name-last wpforms-field-required\" name=\"wpforms[fields][0][last]\" required><label for=\"wpforms-21808-field_0-last\" class=\"wpforms-field-sublabel after \">Last<\/label><\/div><\/div><\/div><div id=\"wpforms-21808-field_1-container\" class=\"wpforms-field wpforms-field-email\" data-field-id=\"1\"><label class=\"wpforms-field-label\" for=\"wpforms-21808-field_1\">E-mail <span class=\"wpforms-required-label\">*<\/span><\/label><input type=\"email\" id=\"wpforms-21808-field_1\" class=\"wpforms-field-medium wpforms-field-required\" name=\"wpforms[fields][1]\" required><\/div><div id=\"wpforms-21808-field_2-container\" class=\"wpforms-field wpforms-field-textarea\" data-field-id=\"2\"><label class=\"wpforms-field-label\" for=\"wpforms-21808-field_2\">Message <span class=\"wpforms-required-label\">*<\/span><\/label><textarea id=\"wpforms-21808-field_2\" class=\"wpforms-field-medium wpforms-field-required\" name=\"wpforms[fields][2]\" required><\/textarea><\/div><\/div><div class=\"wpforms-recaptcha-container wpforms-is-hcaptcha\" ><div class=\"g-recaptcha\" data-sitekey=\"b776e0ea-42a0-43e8-8ce2-38922e421962\"><\/div><input type=\"text\" name=\"g-recaptcha-hidden\" class=\"wpforms-recaptcha-hidden\" style=\"position:absolute!important;clip:rect(0,0,0,0)!important;height:1px!important;width:1px!important;border:0!important;overflow:hidden!important;padding:0!important;margin:0!important;\" required><\/div><div class=\"wpforms-submit-container\" ><input type=\"hidden\" name=\"wpforms[id]\" value=\"21808\"><input type=\"hidden\" name=\"wpforms[author]\" value=\"1\"><button type=\"submit\" name=\"wpforms[submit]\" class=\"wpforms-submit \" id=\"wpforms-submit-21808\" value=\"wpforms-submit\" aria-live=\"assertive\" data-alt-text=\"Sending...\" data-submit-text=\"Submit\">Submit<\/button><\/div><\/form><\/div>  <!-- .wpforms-container -->\t\t\t\t<\/div>\n\t\t\t\t<\/div>\n\t\t\t\t<\/div>\n\t\t<div class=\"elementor-element elementor-element-9423274 e-con-full e-flex e-con e-child\" data-id=\"9423274\" data-element_type=\"container\" data-settings=\"{&quot;background_background&quot;:&quot;classic&quot;,&quot;ekit_has_onepagescroll_dot&quot;:&quot;yes&quot;}\">\n\t\t\t\t<div class=\"elementor-element elementor-element-8b3be2b animated-fast elementor-invisible elementor-widget elementor-widget-heading\" data-id=\"8b3be2b\" data-element_type=\"widget\" data-settings=\"{&quot;_animation&quot;:&quot;fadeInUp&quot;,&quot;_animation_delay&quot;:200,&quot;ekit_we_effect_on&quot;:&quot;none&quot;}\" data-widget_type=\"heading.default\">\n\t\t\t\t<div class=\"elementor-widget-container\">\n\t\t\t\t\t<h4 class=\"elementor-heading-title elementor-size-default\">D\u00e9verrouillez l'avenir de l'apprentissage avec une \u00e9ducation immersive en direct !<\/h4>\t\t\t\t<\/div>\n\t\t\t\t<\/div>\n\t\t\t\t<\/div>\n\t\t\t\t<\/div>\n\t\t\t\t<\/div>\n\t\t\t\t<\/div>\n\t\t\t\t\t<\/div>\n\t\t\t\t<\/div>\n\t\t\t\t<\/div>\n\t\t","protected":false},"excerpt":{"rendered":"<p>Contactez-nous Comment pouvons-nous vous aider ? Vous avez une question ou des commentaires ? Remplissez le formulaire ci-dessous et nous vous r\u00e9pondrons dans les plus brefs d\u00e9lais. D\u00e9verrouillez l&#8217;avenir de l&#8217;apprentissage avec une \u00e9ducation immersive en direct !<\/p>\n","protected":false},"author":1,"featured_media":0,"parent":0,"menu_order":0,"comment_status":"closed","ping_status":"closed","template":"","meta":{"footnotes":""},"class_list":["post-21704","page","type-page","status-publish","hentry"],"yoast_head":"<!-- This site is optimized with the Yoast SEO plugin v26.5 - https:\/\/yoast.com\/wordpress\/plugins\/seo\/ -->\n<title>Contactez Voila Learning | Soutien scolaire en ligne<\/title>\n<meta name=\"description\" content=\"Contactez Voila Learning pour en savoir plus sur nos cours de soutien scolaire en ligne et programmes \u00e9ducatifs adapt\u00e9s aux \u00e9l\u00e8ves francophones.\" \/>\n<meta name=\"robots\" content=\"index, follow, max-snippet:-1, max-image-preview:large, max-video-preview:-1\" \/>\n<link rel=\"canonical\" href=\"https:\/\/voilalearning.com\/fr\/contact\/\" \/>\n<meta property=\"og:locale\" content=\"en_US\" \/>\n<meta property=\"og:type\" content=\"article\" \/>\n<meta property=\"og:title\" content=\"Contactez Voila Learning | Soutien scolaire en ligne\" \/>\n<meta property=\"og:description\" content=\"Contactez Voila Learning pour en savoir plus sur nos cours de soutien scolaire en ligne et programmes \u00e9ducatifs adapt\u00e9s aux \u00e9l\u00e8ves francophones.\" \/>\n<meta property=\"og:url\" content=\"https:\/\/voilalearning.com\/fr\/contact\/\" \/>\n<meta property=\"og:site_name\" content=\"Voila Learning\" \/>\n<meta property=\"article:modified_time\" content=\"2025-12-01T12:04:09+00:00\" \/>\n<meta property=\"og:image\" content=\"http:\/\/sierra.keydesign.xyz\/chatbot\/wp-content\/uploads\/sites\/10\/2023\/10\/sierra-chatbot-shape2.svg\" \/>\n<meta name=\"twitter:card\" content=\"summary_large_image\" \/>\n<meta name=\"twitter:label1\" content=\"Est. reading time\" \/>\n\t<meta name=\"twitter:data1\" content=\"1 minute\" \/>\n<script type=\"application\/ld+json\" class=\"yoast-schema-graph\">{\"@context\":\"https:\/\/schema.org\",\"@graph\":[{\"@type\":\"WebPage\",\"@id\":\"https:\/\/voilalearning.com\/fr\/contact\/\",\"url\":\"https:\/\/voilalearning.com\/fr\/contact\/\",\"name\":\"Contactez Voila Learning | Soutien scolaire en ligne\",\"isPartOf\":{\"@id\":\"https:\/\/voilalearning.com\/fr\/#website\"},\"primaryImageOfPage\":{\"@id\":\"https:\/\/voilalearning.com\/fr\/contact\/#primaryimage\"},\"image\":{\"@id\":\"https:\/\/voilalearning.com\/fr\/contact\/#primaryimage\"},\"thumbnailUrl\":\"http:\/\/sierra.keydesign.xyz\/chatbot\/wp-content\/uploads\/sites\/10\/2023\/10\/sierra-chatbot-shape2.svg\",\"datePublished\":\"2024-09-09T13:15:23+00:00\",\"dateModified\":\"2025-12-01T12:04:09+00:00\",\"description\":\"Contactez Voila Learning pour en savoir plus sur nos cours de soutien scolaire en ligne et programmes \u00e9ducatifs adapt\u00e9s aux \u00e9l\u00e8ves francophones.\",\"breadcrumb\":{\"@id\":\"https:\/\/voilalearning.com\/fr\/contact\/#breadcrumb\"},\"inLanguage\":\"en-US\",\"potentialAction\":[{\"@type\":\"ReadAction\",\"target\":[\"https:\/\/voilalearning.com\/fr\/contact\/\"]}]},{\"@type\":\"ImageObject\",\"inLanguage\":\"en-US\",\"@id\":\"https:\/\/voilalearning.com\/fr\/contact\/#primaryimage\",\"url\":\"http:\/\/sierra.keydesign.xyz\/chatbot\/wp-content\/uploads\/sites\/10\/2023\/10\/sierra-chatbot-shape2.svg\",\"contentUrl\":\"http:\/\/sierra.keydesign.xyz\/chatbot\/wp-content\/uploads\/sites\/10\/2023\/10\/sierra-chatbot-shape2.svg\"},{\"@type\":\"BreadcrumbList\",\"@id\":\"https:\/\/voilalearning.com\/fr\/contact\/#breadcrumb\",\"itemListElement\":[{\"@type\":\"ListItem\",\"position\":1,\"name\":\"Home\",\"item\":\"https:\/\/voilalearning.com\/fr\/\"},{\"@type\":\"ListItem\",\"position\":2,\"name\":\"Contact\"}]},{\"@type\":\"WebSite\",\"@id\":\"https:\/\/voilalearning.com\/fr\/#website\",\"url\":\"https:\/\/voilalearning.com\/fr\/\",\"name\":\"Voila Learning\",\"description\":\"Future of Education\",\"publisher\":{\"@id\":\"https:\/\/voilalearning.com\/fr\/#organization\"},\"potentialAction\":[{\"@type\":\"SearchAction\",\"target\":{\"@type\":\"EntryPoint\",\"urlTemplate\":\"https:\/\/voilalearning.com\/fr\/?s={search_term_string}\"},\"query-input\":{\"@type\":\"PropertyValueSpecification\",\"valueRequired\":true,\"valueName\":\"search_term_string\"}}],\"inLanguage\":\"en-US\"},{\"@type\":\"Organization\",\"@id\":\"https:\/\/voilalearning.com\/fr\/#organization\",\"name\":\"Voila Learning\",\"url\":\"https:\/\/voilalearning.com\/fr\/\",\"logo\":{\"@type\":\"ImageObject\",\"inLanguage\":\"en-US\",\"@id\":\"https:\/\/voilalearning.com\/fr\/#\/schema\/logo\/image\/\",\"url\":\"https:\/\/voilalearning.com\/fr\/wp-content\/uploads\/2023\/09\/VOILA.png\",\"contentUrl\":\"https:\/\/voilalearning.com\/fr\/wp-content\/uploads\/2023\/09\/VOILA.png\",\"width\":900,\"height\":189,\"caption\":\"Voila Learning\"},\"image\":{\"@id\":\"https:\/\/voilalearning.com\/fr\/#\/schema\/logo\/image\/\"}}]}<\/script>\n<!-- \/ Yoast SEO plugin. -->","yoast_head_json":{"title":"Contactez Voila Learning | Soutien scolaire en ligne","description":"Contactez Voila Learning pour en savoir plus sur nos cours de soutien scolaire en ligne et programmes \u00e9ducatifs adapt\u00e9s aux \u00e9l\u00e8ves francophones.","robots":{"index":"index","follow":"follow","max-snippet":"max-snippet:-1","max-image-preview":"max-image-preview:large","max-video-preview":"max-video-preview:-1"},"canonical":"https:\/\/voilalearning.com\/fr\/contact\/","og_locale":"en_US","og_type":"article","og_title":"Contactez Voila Learning | Soutien scolaire en ligne","og_description":"Contactez Voila Learning pour en savoir plus sur nos cours de soutien scolaire en ligne et programmes \u00e9ducatifs adapt\u00e9s aux \u00e9l\u00e8ves francophones.","og_url":"https:\/\/voilalearning.com\/fr\/contact\/","og_site_name":"Voila Learning","article_modified_time":"2025-12-01T12:04:09+00:00","og_image":[{"url":"http:\/\/sierra.keydesign.xyz\/chatbot\/wp-content\/uploads\/sites\/10\/2023\/10\/sierra-chatbot-shape2.svg","type":"","width":"","height":""}],"twitter_card":"summary_large_image","twitter_misc":{"Est. reading time":"1 minute"},"schema":{"@context":"https:\/\/schema.org","@graph":[{"@type":"WebPage","@id":"https:\/\/voilalearning.com\/fr\/contact\/","url":"https:\/\/voilalearning.com\/fr\/contact\/","name":"Contactez Voila Learning | Soutien scolaire en ligne","isPartOf":{"@id":"https:\/\/voilalearning.com\/fr\/#website"},"primaryImageOfPage":{"@id":"https:\/\/voilalearning.com\/fr\/contact\/#primaryimage"},"image":{"@id":"https:\/\/voilalearning.com\/fr\/contact\/#primaryimage"},"thumbnailUrl":"http:\/\/sierra.keydesign.xyz\/chatbot\/wp-content\/uploads\/sites\/10\/2023\/10\/sierra-chatbot-shape2.svg","datePublished":"2024-09-09T13:15:23+00:00","dateModified":"2025-12-01T12:04:09+00:00","description":"Contactez Voila Learning pour en savoir plus sur nos cours de soutien scolaire en ligne et programmes \u00e9ducatifs adapt\u00e9s aux \u00e9l\u00e8ves francophones.","breadcrumb":{"@id":"https:\/\/voilalearning.com\/fr\/contact\/#breadcrumb"},"inLanguage":"en-US","potentialAction":[{"@type":"ReadAction","target":["https:\/\/voilalearning.com\/fr\/contact\/"]}]},{"@type":"ImageObject","inLanguage":"en-US","@id":"https:\/\/voilalearning.com\/fr\/contact\/#primaryimage","url":"http:\/\/sierra.keydesign.xyz\/chatbot\/wp-content\/uploads\/sites\/10\/2023\/10\/sierra-chatbot-shape2.svg","contentUrl":"http:\/\/sierra.keydesign.xyz\/chatbot\/wp-content\/uploads\/sites\/10\/2023\/10\/sierra-chatbot-shape2.svg"},{"@type":"BreadcrumbList","@id":"https:\/\/voilalearning.com\/fr\/contact\/#breadcrumb","itemListElement":[{"@type":"ListItem","position":1,"name":"Home","item":"https:\/\/voilalearning.com\/fr\/"},{"@type":"ListItem","position":2,"name":"Contact"}]},{"@type":"WebSite","@id":"https:\/\/voilalearning.com\/fr\/#website","url":"https:\/\/voilalearning.com\/fr\/","name":"Voila Learning","description":"Future of Education","publisher":{"@id":"https:\/\/voilalearning.com\/fr\/#organization"},"potentialAction":[{"@type":"SearchAction","target":{"@type":"EntryPoint","urlTemplate":"https:\/\/voilalearning.com\/fr\/?s={search_term_string}"},"query-input":{"@type":"PropertyValueSpecification","valueRequired":true,"valueName":"search_term_string"}}],"inLanguage":"en-US"},{"@type":"Organization","@id":"https:\/\/voilalearning.com\/fr\/#organization","name":"Voila Learning","url":"https:\/\/voilalearning.com\/fr\/","logo":{"@type":"ImageObject","inLanguage":"en-US","@id":"https:\/\/voilalearning.com\/fr\/#\/schema\/logo\/image\/","url":"https:\/\/voilalearning.com\/fr\/wp-content\/uploads\/2023\/09\/VOILA.png","contentUrl":"https:\/\/voilalearning.com\/fr\/wp-content\/uploads\/2023\/09\/VOILA.png","width":900,"height":189,"caption":"Voila Learning"},"image":{"@id":"https:\/\/voilalearning.com\/fr\/#\/schema\/logo\/image\/"}}]}},"_links":{"self":[{"href":"https:\/\/voilalearning.com\/fr\/wp-json\/wp\/v2\/pages\/21704","targetHints":{"allow":["GET"]}}],"collection":[{"href":"https:\/\/voilalearning.com\/fr\/wp-json\/wp\/v2\/pages"}],"about":[{"href":"https:\/\/voilalearning.com\/fr\/wp-json\/wp\/v2\/types\/page"}],"author":[{"embeddable":true,"href":"https:\/\/voilalearning.com\/fr\/wp-json\/wp\/v2\/users\/1"}],"replies":[{"embeddable":true,"href":"https:\/\/voilalearning.com\/fr\/wp-json\/wp\/v2\/comments?post=21704"}],"version-history":[{"count":47,"href":"https:\/\/voilalearning.com\/fr\/wp-json\/wp\/v2\/pages\/21704\/revisions"}],"predecessor-version":[{"id":22267,"href":"https:\/\/voilalearning.com\/fr\/wp-json\/wp\/v2\/pages\/21704\/revisions\/22267"}],"wp:attachment":[{"href":"https:\/\/voilalearning.com\/fr\/wp-json\/wp\/v2\/media?parent=21704"}],"curies":[{"name":"wp","href":"https:\/\/api.w.org\/{rel}","templated":true}]}}